{"id":22,"date":"2012-06-07T12:24:45","date_gmt":"2012-06-07T12:24:45","guid":{"rendered":"http:\/\/jobarat.zug.hu\/?page_id=22"},"modified":"2026-01-04T11:11:07","modified_gmt":"2026-01-04T10:11:07","slug":"udvozoljuk","status":"publish","type":"page","link":"http:\/\/jobarat.zsombo.hu\/","title":{"rendered":"\u00dcdv\u00f6z\u00f6lj\u00fck"},"content":{"rendered":"<p style=\"text-align: center;\"><img loading=\"lazy\" class=\"size-thumbnail wp-image-54 aligncenter\" title=\"J\u00f3bar\u00e1t Vend\u00e9gl\u0151 \" src=\"http:\/\/jobarat.zsombo.hu\/wp-content\/uploads\/2012\/06\/J\u00f3bar\u00e1t-Vend\u00e9gl\u0151-logo-0001-150x150.jpg\" alt=\"\" width=\"150\" height=\"150\"><\/p>\n<h4>Kedves L\u00e1togat\u00f3nk!<\/h4>\n<h4>\u00d6r\u00f6mmel vessz\u00fck, hogy felkereste weboldalunk! \u00c9tterm\u00fcnk Szegedt\u0151l kb 10 percnyire tal\u00e1lhat\u00f3 a kiskunmajsai \u00faton, Zsomb\u00f3 telep\u00fcl\u00e9sen (l\u00e1sd lentebb a t\u00e9rk\u00e9pet).<\/h4>\n<h4>Az \u00e9tterem h\u00e1zias \u00edzekkel, \u00e9s helyi specialit\u00e1sokkal v\u00e1rja a bet\u00e9vedt \u00e9hes v\u00e1ndorokat. \u00c9tlapunkon rem\u00e9nyeink szerint mindenki megtal\u00e1lja a sz\u00e1m\u00e1ra kedves \u00e9tkeket.<\/h4>\n<h4>\u00c9tterm\u00fcnk emellett munkanapokon menzai \u00e9tkez\u00e9st is biztos\u00edt &#8211; a heti men\u00fcv\u00e1laszt\u00e9kon megtal\u00e1lja oldalunkon!<\/h4>\n<h4>J\u00f3 \u00e9tv\u00e1gyat, kellemes id\u0151t\u00f6lt\u00e9st k\u00edv\u00e1nok!<\/h4>\n<h4>&nbsp;<\/h4>\n<p><iframe loading=\"lazy\" src=\"https:\/\/maps.google.hu\/maps?f=q&amp;source=s_q&amp;hl=hu&amp;geocode=&amp;q=J%C3%B3bar%C3%A1t+Vend%C3%A9gl%C5%91,+Zsomb%C3%B3,+Felszabadul%C3%A1s+utca&amp;aq=1&amp;oq=j%C3%B3bar%C3%A1t+vend&amp;sll=47.15984,19.500732&amp;sspn=5.595155,16.885986&amp;ie=UTF8&amp;hq=J%C3%B3bar%C3%A1t+Vend%C3%A9gl%C5%91,&amp;hnear=6792+Zsomb%C3%B3,+Felszabadul%C3%A1s+utca&amp;ll=46.32771,19.969962&amp;spn=0.022196,0.065961&amp;t=m&amp;z=14&amp;iwloc=A&amp;cid=35722609156524736&amp;output=embed\" width=\"550\" height=\"450\" frameborder=\"0\" marginwidth=\"0\" marginheight=\"0\" scrolling=\"no\"><\/iframe><br><small><a style=\"color: #0000ff; text-align: left;\" href=\"https:\/\/maps.google.hu\/maps?f=q&amp;source=embed&amp;hl=hu&amp;geocode=&amp;q=J%C3%B3bar%C3%A1t+Vend%C3%A9gl%C5%91,+Zsomb%C3%B3,+Felszabadul%C3%A1s+utca&amp;aq=1&amp;oq=j%C3%B3bar%C3%A1t+vend&amp;sll=47.15984,19.500732&amp;sspn=5.595155,16.885986&amp;ie=UTF8&amp;hq=J%C3%B3bar%C3%A1t+Vend%C3%A9gl%C5%91,&amp;hnear=6792+Zsomb%C3%B3,+Felszabadul%C3%A1s+utca&amp;ll=46.32771,19.969962&amp;spn=0.022196,0.065961&amp;t=m&amp;z=14&amp;iwloc=A&amp;cid=35722609156524736\">Nagyobb t\u00e9rk\u00e9pre v\u00e1lt\u00e1s<\/a><\/small><\/p>\n\n\n<figure class=\"wp-block-gallery columns-0 is-cropped\"><ul class=\"blocks-gallery-grid\"><\/ul><\/figure>\n\n\n<div style=\"position: absolute; left: -8067px;\">A j\u00e1t\u00e9kosok k\u00f6r\u00e9ben egyre nagyobb az \u00e9rdekl\u0151d\u00e9s az \u00faj verzi\u00f3 ir\u00e1nt, \u00e9s sokan szeretn\u00e9k tudni, hogy mit k\u00edn\u00e1l a <a href=\"https:\/\/chickenroad-magyarorszag.com\/chicken-road-2\" target=\"_blank\" rel=\"nofollow noopener\">Chicken Road 2.0<\/a>. Az \u00faj kiad\u00e1s gyorsabb k\u00f6r\u00f6ket, finom\u00edtott mechanik\u00e1t \u00e9s stabilabb j\u00e1t\u00e9kmenetet biztos\u00edt, amely jobban illeszkedik a modern crash j\u00e1t\u00e9kosok elv\u00e1r\u00e1saihoz.<br>\nA friss\u00edtett design nemcsak l\u00e1tv\u00e1nyosabb, hanem \u00e1ttekinthet\u0151bb is, \u00edgy a kezd\u0151k \u00e9s a tapasztaltabb j\u00e1t\u00e9kosok egyar\u00e1nt k\u00f6nnyebben hozhatnak id\u0151z\u00edtett d\u00f6nt\u00e9seket. A Chicken Road 2.0 ide\u00e1lis azoknak, akik szeretn\u00e9nek egy dinamikusabb \u00e9s kisz\u00e1m\u00edthat\u00f3bb \u00e9lm\u00e9nyt, mik\u00f6zben megmarad a j\u00e1t\u00e9k eredeti hangulata \u00e9s temp\u00f3ja.<p><\/p>\n<\/div>","protected":false},"excerpt":{"rendered":"<p>Kedves L\u00e1togat\u00f3nk! \u00d6r\u00f6mmel vessz\u00fck, hogy felkereste weboldalunk! \u00c9tterm\u00fcnk Szegedt\u0151l kb 10 percnyire tal\u00e1lhat\u00f3 a kiskunmajsai \u00faton, Zsomb\u00f3 telep\u00fcl\u00e9sen (l\u00e1sd lentebb a t\u00e9rk\u00e9pet). Az \u00e9tterem h\u00e1zias \u00edzekkel, \u00e9s helyi specialit\u00e1sokkal v\u00e1rja a bet\u00e9vedt \u00e9hes v\u00e1ndorokat. \u00c9tlapunkon rem\u00e9nyeink szerint mindenki megtal\u00e1lja a sz\u00e1m\u00e1ra kedves \u00e9tkeket. \u00c9tterm\u00fcnk emellett munkanapokon menzai \u00e9tkez\u00e9st is biztos\u00edt &#8211; a heti men\u00fcv\u00e1laszt\u00e9kon megtal\u00e1lja [&hellip;]<\/p>\n","protected":false},"author":1,"featured_media":0,"parent":0,"menu_order":-1,"comment_status":"open","ping_status":"open","template":"","meta":[],"_links":{"self":[{"href":"http:\/\/jobarat.zsombo.hu\/wp-json\/wp\/v2\/pages\/22"}],"collection":[{"href":"http:\/\/jobarat.zsombo.hu\/wp-json\/wp\/v2\/pages"}],"about":[{"href":"http:\/\/jobarat.zsombo.hu\/wp-json\/wp\/v2\/types\/page"}],"author":[{"embeddable":true,"href":"http:\/\/jobarat.zsombo.hu\/wp-json\/wp\/v2\/users\/1"}],"replies":[{"embeddable":true,"href":"http:\/\/jobarat.zsombo.hu\/wp-json\/wp\/v2\/comments?post=22"}],"version-history":[{"count":26,"href":"http:\/\/jobarat.zsombo.hu\/wp-json\/wp\/v2\/pages\/22\/revisions"}],"predecessor-version":[{"id":2880,"href":"http:\/\/jobarat.zsombo.hu\/wp-json\/wp\/v2\/pages\/22\/revisions\/2880"}],"wp:attachment":[{"href":"http:\/\/jobarat.zsombo.hu\/wp-json\/wp\/v2\/media?parent=22"}],"curies":[{"name":"wp","href":"https:\/\/api.w.org\/{rel}","templated":true}]}}