{"id":15,"date":"2012-06-05T12:44:35","date_gmt":"2012-06-05T12:44:35","guid":{"rendered":"http:\/\/jobarat.zug.hu\/?page_id=15"},"modified":"2026-04-03T12:08:16","modified_gmt":"2026-04-03T10:08:16","slug":"heti-menu","status":"publish","type":"page","link":"http:\/\/jobarat.zsombo.hu\/?page_id=15","title":{"rendered":"2026. 04. 06-10."},"content":{"rendered":"\n<p><\/p>\n\n\n<table style=\"height: 355px;\" width=\"976\">\n<tbody>\n<tr>\n<td style=\"text-align: center; padding-left: 30px;\">\u00a0<\/td>\n<td style=\"text-align: center;\"><b>h\u00e9tf\u0151<\/b><\/td>\n<td style=\"text-align: center;\"><strong>kedd<\/strong><\/td>\n<td style=\"text-align: center;\"><strong>szerda\u00a0<\/strong><\/td>\n<td style=\"text-align: center;\"><b>cs\u00fct\u00f6rt\u00f6k\u00a0<\/b><\/td>\n<td style=\"text-align: center;\"><b>p\u00e9ntek\u00a0<\/b><\/td>\n<\/tr>\n<tr>\n<td style=\"text-align: center;\"><strong>Leves<\/strong><\/td>\n<td style=\"text-align: center;\">H\u00fasv\u00e9t<\/td>\n<td style=\"text-align: center;\">Hamis guly\u00e0sleves<\/td>\n<td style=\"text-align: center;\">Csontleves<\/td>\n<td style=\"text-align: center;\">\n<p>Sajtkr\u00e8mleves f\u0171szeres keny\u00e9rkock\u00e1val<\/p>\n<\/td>\n<td style=\"text-align: center;\">Korhely leves<\/td>\n<\/tr>\n<tr>\n<td style=\"text-align: center;\"><strong>&#8220;A&#8221; men\u00fc<\/strong><\/td>\n<td style=\"text-align: center;\">\n<p>\u00a0<\/p>\n<p>\u00a0<\/p>\n<\/td>\n<td style=\"text-align: center;\">Tejsz\u00ednes-kukoric\u00e0s csirkeapr\u00f3 p\u00e1rolt rizzsel\u00a0<\/td>\n<td style=\"text-align: center;\">Z\u00f6ldbabf\u0151zel\u00e9k magyaros fas\u00edrttal<\/td>\n<td style=\"text-align: center;\">Paprik\u00e1s burgonya virslivel, kov\u00e1szos uborka<\/td>\n<td style=\"text-align: center;\">M\u00e1kos met\u00e8lt<\/td>\n<\/tr>\n<tr>\n<td style=\"text-align: center;\"><strong>&#8220;B&#8221; men\u00fc <\/strong><\/td>\n<td style=\"text-align: center;\">\u00a0<\/td>\n<td style=\"text-align: center;\">P\u00e1rizsi szelet petrezselymes burgony\u00e1val, k\u00e1poszta sal\u00e1ta<\/td>\n<td style=\"text-align: center;\">Baconos t\u00f6lt\u00f6tt csirkemell BBQ sz\u00f3sszal (kr\u00e9msajt, mozzarella) rizibizivel<\/td>\n<td style=\"text-align: center;\">Cordon Bleu gomb\u00e1s rizzsel\u00a0<\/td>\n<td style=\"text-align: center;\">D\u00f6d\u00f6lle\u00a0<\/td>\n<\/tr>\n<tr>\n<td style=\"text-align: center;\"><strong>&#8220;C&#8221; men\u00fc<\/strong><\/td>\n<td style=\"text-align: center;\">\u00a0<\/td>\n<td style=\"text-align: center;\">Lencsef\u0151zel\u00e9k s\u00fclt Debrecenivel<\/td>\n<td style=\"text-align: center;\">Brass\u00f3i apr\u00f3pecsenye, uborka sal\u00e1ta\u00a0<\/td>\n<td style=\"text-align: center;\">Mexik\u00f3i csirk\u00e8s burrit\u00f3 tejf\u00f6llel cs\u0151ben s\u00fctve, j\u00e9gsal\u00e1ta<\/td>\n<td style=\"text-align: center;\">Ropog\u00f3s csirkesz\u00e1rnyak szalmaburgony\u00e1val, cheddar sajtos m\u00e1rtogat\u00f3ssal<\/td>\n<\/tr>\n<\/tbody>\n<\/table>\n<p style=\"padding-left: 40px;\">\u00a0<\/p>\n<p>Eb\u00e9dfizet\u00e9s minden h\u00e9t szombaton 12:00-ig (k\u00f6vetkez\u0151 h\u00e9tre)<\/p>\n<p>&#8220;A , B&#8221; , &#8220;C&#8221; men\u00fc: 1950ft\/adag<\/p>\n<p>&#8220;A&#8221;, &#8220;B&#8221;, &#8220;C&#8221; m\u00e1sodik h\u00e9tf\u0151-cs\u00fct\u00f6rt\u00f6k: 1750ft\/adag<\/p>\n<p>P\u00e9nteki h\u00fasos m\u00e1sodik: 1750ft\/adag<\/p>\n<p>P\u00e9nteki t\u00e9szt\u00e1s m\u00e1sodik:\u00a0 1250ft\/adag<\/p>\n<p>Men\u00fc leves h\u00e9tf\u0151-cs\u00fct\u00f6rt\u00f6k: 1000ft\/adag<\/p>\n<p>P\u00e9nteki h\u00fasos leves: 1500ft\/adag<\/p>\n<p><strong>Az \u00e9tlapv\u00e1ltoz\u00e1s jog\u00e1t fenntartjuk.\u00a0<\/strong><\/p>\n<p><strong>B\u00e1rmilyen k\u00e9rd\u00e9s eset\u00e9n h\u00edvd vezet\u00e9kes telefonunkat 06\/62-255-302 bizalommal!<\/strong><\/p>\n\n\n<p><\/p>\n","protected":false},"excerpt":{"rendered":"<p>\u00a0 h\u00e9tf\u0151 kedd szerda\u00a0 cs\u00fct\u00f6rt\u00f6k\u00a0 p\u00e9ntek\u00a0 Leves H\u00fasv\u00e9t Hamis guly\u00e0sleves Csontleves Sajtkr\u00e8mleves f\u0171szeres keny\u00e9rkock\u00e1val Korhely leves &#8220;A&#8221; men\u00fc \u00a0 \u00a0 Tejsz\u00ednes-kukoric\u00e0s csirkeapr\u00f3 p\u00e1rolt rizzsel\u00a0 Z\u00f6ldbabf\u0151zel\u00e9k magyaros fas\u00edrttal Paprik\u00e1s burgonya virslivel, kov\u00e1szos uborka M\u00e1kos met\u00e8lt &#8220;B&#8221; men\u00fc \u00a0 P\u00e1rizsi szelet petrezselymes burgony\u00e1val, k\u00e1poszta sal\u00e1ta Baconos t\u00f6lt\u00f6tt csirkemell BBQ sz\u00f3sszal (kr\u00e9msajt, mozzarella) rizibizivel Cordon Bleu gomb\u00e1s rizzsel\u00a0 [&hellip;]<\/p>\n","protected":false},"author":1,"featured_media":0,"parent":0,"menu_order":3,"comment_status":"open","ping_status":"open","template":"","meta":[],"_links":{"self":[{"href":"http:\/\/jobarat.zsombo.hu\/index.php?rest_route=\/wp\/v2\/pages\/15"}],"collection":[{"href":"http:\/\/jobarat.zsombo.hu\/index.php?rest_route=\/wp\/v2\/pages"}],"about":[{"href":"http:\/\/jobarat.zsombo.hu\/index.php?rest_route=\/wp\/v2\/types\/page"}],"author":[{"embeddable":true,"href":"http:\/\/jobarat.zsombo.hu\/index.php?rest_route=\/wp\/v2\/users\/1"}],"replies":[{"embeddable":true,"href":"http:\/\/jobarat.zsombo.hu\/index.php?rest_route=%2Fwp%2Fv2%2Fcomments&post=15"}],"version-history":[{"count":1166,"href":"http:\/\/jobarat.zsombo.hu\/index.php?rest_route=\/wp\/v2\/pages\/15\/revisions"}],"predecessor-version":[{"id":7970,"href":"http:\/\/jobarat.zsombo.hu\/index.php?rest_route=\/wp\/v2\/pages\/15\/revisions\/7970"}],"wp:attachment":[{"href":"http:\/\/jobarat.zsombo.hu\/index.php?rest_route=%2Fwp%2Fv2%2Fmedia&parent=15"}],"curies":[{"name":"wp","href":"https:\/\/api.w.org\/{rel}","templated":true}]}}